{"id":1916,"date":"2026-01-21T21:30:34","date_gmt":"2026-01-21T20:30:34","guid":{"rendered":"https:\/\/pkn-daarle.nl\/gereformeerd\/?page_id=1916"},"modified":"2026-01-21T21:33:24","modified_gmt":"2026-01-21T20:33:24","slug":"beamerteam","status":"publish","type":"page","link":"https:\/\/pkn-daarle.nl\/gereformeerd\/gemeente\/beamerteam\/","title":{"rendered":"Beamerteam"},"content":{"rendered":"\n<p>Wanneer u iets wilt aanleveren dat u graag getoond wilt hebben op de beamer,  wilt u dan bij het aanleveren van teksten of afbeeldingen voor de beamer rekening houden met de leesbaarheid?<\/p>\n\n\n\n<p>Als u dit kunt aanleveren in een PowerPoint (.ppt) bestand of afbeelding (.jpg), wilt u dan voor de tekst een redelijk groot lettertype kiezen. Bijvoorbeeld &#8216;Roboto&#8217; met een grootte van ongeveer 40 punten, of iets vergelijkbaars. Zo blijft de tekst goed leesbaar voor iedereen in de kerk.<\/p>\n\n\n\n<p>De beamers in de kerk zijn ingesteld op een 4:3 formaat. Wilt u uw PowerPoint hierop aanpassen via &#8220;Ontwerpen > Diagrootte&#8221;? Daarmee kunt u dan de meeste informatie op een pagina krijgen. Hieronder vindt u ook een voorbeeld van een PowerPoint bestand met alleen wat tekst. Als u deze aanklikt dan kunt u dit bestand bewerken, en eventueel voorzien van afbeeldingen e.d.<\/p>\n\n\n\n<div class=\"wp-block-file\"><a id=\"wp-block-file--media-596654f6-392c-4db0-a0ef-5df965731a10\" href=\"https:\/\/pkn-daarle.nl\/gereformeerd\/wp-content\/uploads\/2026\/01\/Voorbeeld-voor-aanleveren.pptx\">Voorbeeld voor aanleveren<\/a><a href=\"https:\/\/pkn-daarle.nl\/gereformeerd\/wp-content\/uploads\/2026\/01\/Voorbeeld-voor-aanleveren.pptx\" class=\"wp-block-file__button wp-element-button\" download aria-describedby=\"wp-block-file--media-596654f6-392c-4db0-a0ef-5df965731a10\">Downloaden<\/a><\/div>\n\n\n\n<p>Aangeleverde informatie zal normaal gesproken \u00e9\u00e9n, of maximaal twee, zondag(en) worden meegenomen voor de dienst. We ontvangen de informatie graag v\u00f3\u00f3r donderdagavond 18:00 uur, zodat het beamerteam tijd heeft om hierop te reageren als dat nodig is. U kunt dit aanleveren via het mailadres van de scriba, <a href=\"mailto:g-scriba@pkn.nl\">g-scriba@pkn.nl<\/a>.<\/p>\n\n\n\n<p><\/p>\n","protected":false},"excerpt":{"rendered":"<p>Wanneer u iets wilt aanleveren dat u graag getoond wilt hebben op de beamer, wilt u dan bij het aanleveren van teksten of afbeeldingen voor de beamer rekening houden met de leesbaarheid? Als u dit kunt aanleveren in een PowerPoint (.ppt) bestand of afbeelding (.jpg), wilt u dan voor de tekst een redelijk groot lettertype [&hellip;]<\/p>\n","protected":false},"author":6,"featured_media":0,"parent":625,"menu_order":0,"comment_status":"closed","ping_status":"closed","template":"","meta":{"_acf_changed":false,"site-sidebar-layout":"default","site-content-layout":"","ast-site-content-layout":"default","site-content-style":"default","site-sidebar-style":"default","ast-global-header-display":"","ast-banner-title-visibility":"","ast-main-header-display":"","ast-hfb-above-header-display":"","ast-hfb-below-header-display":"","ast-hfb-mobile-header-display":"","site-post-title":"","ast-breadcrumbs-content":"","ast-featured-img":"","footer-sml-layout":"","ast-disable-related-posts":"","theme-transparent-header-meta":"","adv-header-id-meta":"","stick-header-meta":"","header-above-stick-meta":"","header-main-stick-meta":"","header-below-stick-meta":"","astra-migrate-meta-layouts":"set","ast-page-background-enabled":"default","ast-page-background-meta":{"desktop":{"background-color":"","background-image":"","background-repeat":"repeat","background-position":"center center","background-size":"auto","background-attachment":"scroll","background-type":"","background-media":"","overlay-type":"","overlay-color":"","overlay-opacity":"","overlay-gradient":""},"tablet":{"background-color":"","background-image":"","background-repeat":"repeat","background-position":"center center","background-size":"auto","background-attachment":"scroll","background-type":"","background-media":"","overlay-type":"","overlay-color":"","overlay-opacity":"","overlay-gradient":""},"mobile":{"background-color":"","background-image":"","background-repeat":"repeat","background-position":"center center","background-size":"auto","background-attachment":"scroll","background-type":"","background-media":"","overlay-type":"","overlay-color":"","overlay-opacity":"","overlay-gradient":""}},"ast-content-background-meta":{"desktop":{"background-color":"var(--ast-global-color-5)","background-image":"","background-repeat":"repeat","background-position":"center center","background-size":"auto","background-attachment":"scroll","background-type":"","background-media":"","overlay-type":"","overlay-color":"","overlay-opacity":"","overlay-gradient":""},"tablet":{"background-color":"var(--ast-global-color-5)","background-image":"","background-repeat":"repeat","background-position":"center center","background-size":"auto","background-attachment":"scroll","background-type":"","background-media":"","overlay-type":"","overlay-color":"","overlay-opacity":"","overlay-gradient":""},"mobile":{"background-color":"var(--ast-global-color-5)","background-image":"","background-repeat":"repeat","background-position":"center center","background-size":"auto","background-attachment":"scroll","background-type":"","background-media":"","overlay-type":"","overlay-color":"","overlay-opacity":"","overlay-gradient":""}},"footnotes":""},"class_list":["post-1916","page","type-page","status-publish","hentry"],"acf":[],"_links":{"self":[{"href":"https:\/\/pkn-daarle.nl\/gereformeerd\/wp-json\/wp\/v2\/pages\/1916","targetHints":{"allow":["GET"]}}],"collection":[{"href":"https:\/\/pkn-daarle.nl\/gereformeerd\/wp-json\/wp\/v2\/pages"}],"about":[{"href":"https:\/\/pkn-daarle.nl\/gereformeerd\/wp-json\/wp\/v2\/types\/page"}],"author":[{"embeddable":true,"href":"https:\/\/pkn-daarle.nl\/gereformeerd\/wp-json\/wp\/v2\/users\/6"}],"replies":[{"embeddable":true,"href":"https:\/\/pkn-daarle.nl\/gereformeerd\/wp-json\/wp\/v2\/comments?post=1916"}],"version-history":[{"count":2,"href":"https:\/\/pkn-daarle.nl\/gereformeerd\/wp-json\/wp\/v2\/pages\/1916\/revisions"}],"predecessor-version":[{"id":1919,"href":"https:\/\/pkn-daarle.nl\/gereformeerd\/wp-json\/wp\/v2\/pages\/1916\/revisions\/1919"}],"up":[{"embeddable":true,"href":"https:\/\/pkn-daarle.nl\/gereformeerd\/wp-json\/wp\/v2\/pages\/625"}],"wp:attachment":[{"href":"https:\/\/pkn-daarle.nl\/gereformeerd\/wp-json\/wp\/v2\/media?parent=1916"}],"curies":[{"name":"wp","href":"https:\/\/api.w.org\/{rel}","templated":true}]}}